{"id":89,"date":"2025-07-25T16:13:57","date_gmt":"2025-07-25T13:13:57","guid":{"rendered":"https:\/\/www.trenbolonin-enantaatti.com\/fi\/?post_type=product&#038;p=89"},"modified":"2025-07-25T16:33:18","modified_gmt":"2025-07-25T13:33:18","slug":"maxi-fen-10-osta","status":"publish","type":"product","link":"https:\/\/www.trenbolonin-enantaatti.com\/fi\/anaboliset\/maxi-fen-10-osta\/","title":{"rendered":"Maxi-Fen-10"},"content":{"rendered":"<h2 data-start=\"501\" data-end=\"594\">Tehokas aloitus: Mit\u00e4 sinun tulee tiet\u00e4\u00e4 ennen kuin aloitat Maxi-Fen-10 steroidikuurin?<\/h2>\n<p data-start=\"596\" data-end=\"953\">Lihasmassan kasvattaminen nopeasti ja turvallisesti on monien tavoitteena, mutta kaikki eiv\u00e4t halua siirty\u00e4 suoraan injektiopohjaisiin valmisteisiin. T\u00e4ss\u00e4 kohtaa suun kautta otettavat valmisteet, kuten Maxi-Fen-10, nousevat esiin. Ne tarjoavat tehokkuutta ilman neuloja \u2013 sopivat erityisesti aloittelijoille tai niille, jotka etsiv\u00e4t kevyemp\u00e4\u00e4 vaihtoehtoa.<\/p>\n<p data-start=\"955\" data-end=\"1203\">Maxi-Fen-10 toimii tukena kehon palautumisessa ja voi auttaa lis\u00e4\u00e4m\u00e4\u00e4n voimaa sek\u00e4 lihaskudoksen m\u00e4\u00e4r\u00e4\u00e4 lyhyess\u00e4 ajassa. Monet k\u00e4ytt\u00e4j\u00e4t suosivat sit\u00e4 sen matalan sivuvaikutusprofiilin vuoksi, kun sit\u00e4 k\u00e4ytet\u00e4\u00e4n j\u00e4rkev\u00e4sti ja tukilisi\u00e4 unohtamatta.<\/p>\n<p data-start=\"1205\" data-end=\"1489\">Jos harkitset Maxi-Fen-10 steroidikuuria, on t\u00e4rke\u00e4\u00e4 suunnitella annostelu ja kesto huolella. Usein suositellaan 4\u20136 viikon jaksoa, jonka aikana kehoa seurataan s\u00e4\u00e4nn\u00f6llisesti. Hyv\u00e4 j\u00e4lkihoito (PCT) voi tukea kehon hormonaalista palautumista ja v\u00e4hent\u00e4\u00e4 mahdollisia haittavaikutuksia.<\/p>\n<p data-start=\"1491\" data-end=\"1680\">Lopuksi: onnistunut k\u00e4ytt\u00f6 edellytt\u00e4\u00e4 oikeaa tietoa, vastuullista suhtautumista ja laadukasta tuotetta. Varmista aina, ett\u00e4 ostat luotettavalta toimittajalta ja tunnet, mit\u00e4 kehoosi laitat.<\/p>\n","protected":false},"excerpt":{"rendered":"<p><strong data-start=\"128\" data-end=\"143\">Valmistaja:<\/strong> Maxtreme<br data-start=\"152\" data-end=\"155\" \/><strong data-start=\"155\" data-end=\"175\">Vaikuttava aine:<\/strong> Tamoksifeenisitraatti (Nolvadex)<br data-start=\"208\" data-end=\"211\" \/><strong data-start=\"211\" data-end=\"223\" data-is-only-node=\"\">Pakkaus:<\/strong> 10 mg (50 tablettia)<br data-start=\"244\" data-end=\"247\" \/><strong data-start=\"247\" data-end=\"261\">Kategoria:<\/strong> Antiestrogeenit<br data-start=\"277\" data-end=\"280\" \/><strong data-start=\"280\" data-end=\"293\">Toimitus:<\/strong> Nopea ja luotettava toimitus maailmanlaajuisesti<br data-start=\"342\" data-end=\"345\" \/><strong data-start=\"345\" data-end=\"355\">Maksu:<\/strong> Turvalliset maksutavat<br data-start=\"378\" data-end=\"381\" \/><strong data-start=\"381\" data-end=\"393\">Resepti:<\/strong> Ei vaadi resepti\u00e4<\/p>\n","protected":false},"featured_media":91,"comment_status":"open","ping_status":"closed","template":"","meta":{"site-sidebar-layout":"default","site-content-layout":"","ast-site-content-layout":"default","site-content-style":"default","site-sidebar-style":"default","ast-global-header-display":"","ast-banner-title-visibility":"","ast-main-header-display":"","ast-hfb-above-header-display":"","ast-hfb-below-header-display":"","ast-hfb-mobile-header-display":"","site-post-title":"","ast-breadcrumbs-content":"","ast-featured-img":"","footer-sml-layout":"","theme-transparent-header-meta":"default","adv-header-id-meta":"","stick-header-meta":"","header-above-stick-meta":"","header-main-stick-meta":"","header-below-stick-meta":"","astra-migrate-meta-layouts":"set","ast-page-background-enabled":"default","ast-page-background-meta":{"desktop":{"background-color":"var(--ast-global-color-5)","background-image":"","background-repeat":"repeat","background-position":"center center","background-size":"auto","background-attachment":"scroll","background-type":"","background-media":"","overlay-type":"","overlay-color":"","overlay-opacity":"","overlay-gradient":""},"tablet":{"background-color":"","background-image":"","background-repeat":"repeat","background-position":"center center","background-size":"auto","background-attachment":"scroll","background-type":"","background-media":"","overlay-type":"","overlay-color":"","overlay-opacity":"","overlay-gradient":""},"mobile":{"background-color":"","background-image":"","background-repeat":"repeat","background-position":"center center","background-size":"auto","background-attachment":"scroll","background-type":"","background-media":"","overlay-type":"","overlay-color":"","overlay-opacity":"","overlay-gradient":""}},"ast-content-background-meta":{"desktop":{"background-color":"var(--ast-global-color-4)","background-image":"","background-repeat":"repeat","background-position":"center center","background-size":"auto","background-attachment":"scroll","background-type":"","background-media":"","overlay-type":"","overlay-color":"","overlay-opacity":"","overlay-gradient":""},"tablet":{"background-color":"var(--ast-global-color-4)","background-image":"","background-repeat":"repeat","background-position":"center center","background-size":"auto","background-attachment":"scroll","background-type":"","background-media":"","overlay-type":"","overlay-color":"","overlay-opacity":"","overlay-gradient":""},"mobile":{"background-color":"var(--ast-global-color-4)","background-image":"","background-repeat":"repeat","background-position":"center center","background-size":"auto","background-attachment":"scroll","background-type":"","background-media":"","overlay-type":"","overlay-color":"","overlay-opacity":"","overlay-gradient":""}}},"product_brand":[21],"product_cat":[22],"product_tag":[],"class_list":{"0":"post-89","1":"product","2":"type-product","3":"status-publish","4":"has-post-thumbnail","6":"product_brand-maxtreme","7":"product_cat-antiestrogeenit","8":"desktop-align-center","9":"tablet-align-left","10":"mobile-align-left","12":"first","13":"instock","14":"shipping-taxable","15":"purchasable","16":"product-type-simple"},"yoast_head":"<!-- This site is optimized with the Yoast SEO plugin v25.5 - https:\/\/yoast.com\/wordpress\/plugins\/seo\/ -->\n<title>Osta Maxi-Fen-10 - Suomen suosituin steroidikauppa \u2013 Nopea ja luotettava<\/title>\n<meta name=\"description\" content=\"Osta Maxi-Fen-10 helposti verkosta. Tehokas suun kautta otettava anabolinen steroidi nopeaan lihaskasvuun. Nopea ja diskreetti toimitus Suomeen.\" \/>\n<meta name=\"robots\" content=\"index, follow, max-snippet:-1, max-image-preview:large, max-video-preview:-1\" \/>\n<link rel=\"canonical\" href=\"https:\/\/www.trenbolonin-enantaatti.com\/fi\/anaboliset\/maxi-fen-10-osta\/\" \/>\n<meta property=\"og:locale\" content=\"fi_FI\" \/>\n<meta property=\"og:type\" content=\"article\" \/>\n<meta property=\"og:title\" content=\"Osta Maxi-Fen-10 - Suomen suosituin steroidikauppa \u2013 Nopea ja luotettava\" \/>\n<meta property=\"og:description\" content=\"Osta Maxi-Fen-10 helposti verkosta. Tehokas suun kautta otettava anabolinen steroidi nopeaan lihaskasvuun. Nopea ja diskreetti toimitus Suomeen.\" \/>\n<meta property=\"og:url\" content=\"https:\/\/www.trenbolonin-enantaatti.com\/fi\/anaboliset\/maxi-fen-10-osta\/\" \/>\n<meta property=\"og:site_name\" content=\"Suomen suosituin steroidikauppa \u2013 Nopea ja luotettava\" \/>\n<meta property=\"article:modified_time\" content=\"2025-07-25T13:33:18+00:00\" \/>\n<meta property=\"og:image\" content=\"https:\/\/www.trenbolonin-enantaatti.com\/fi\/wp-content\/uploads\/2025\/07\/518.jpg\" \/>\n\t<meta property=\"og:image:width\" content=\"600\" \/>\n\t<meta property=\"og:image:height\" content=\"540\" \/>\n\t<meta property=\"og:image:type\" content=\"image\/jpeg\" \/>\n<meta name=\"twitter:card\" content=\"summary_large_image\" \/>\n<meta name=\"twitter:label1\" content=\"Arvioitu lukuaika\" \/>\n\t<meta name=\"twitter:data1\" content=\"2 minuuttia\" \/>\n<script type=\"application\/ld+json\" class=\"yoast-schema-graph\">{\"@context\":\"https:\/\/schema.org\",\"@graph\":[{\"@type\":\"WebPage\",\"@id\":\"https:\/\/www.trenbolonin-enantaatti.com\/fi\/anaboliset\/maxi-fen-10-osta\/\",\"url\":\"https:\/\/www.trenbolonin-enantaatti.com\/fi\/anaboliset\/maxi-fen-10-osta\/\",\"name\":\"Osta Maxi-Fen-10 - Suomen suosituin steroidikauppa \u2013 Nopea ja luotettava\",\"isPartOf\":{\"@id\":\"https:\/\/www.trenbolonin-enantaatti.com\/fi\/#website\"},\"primaryImageOfPage\":{\"@id\":\"https:\/\/www.trenbolonin-enantaatti.com\/fi\/anaboliset\/maxi-fen-10-osta\/#primaryimage\"},\"image\":{\"@id\":\"https:\/\/www.trenbolonin-enantaatti.com\/fi\/anaboliset\/maxi-fen-10-osta\/#primaryimage\"},\"thumbnailUrl\":\"https:\/\/www.trenbolonin-enantaatti.com\/fi\/wp-content\/uploads\/2025\/07\/518.jpg\",\"datePublished\":\"2025-07-25T13:13:57+00:00\",\"dateModified\":\"2025-07-25T13:33:18+00:00\",\"description\":\"Osta Maxi-Fen-10 helposti verkosta. Tehokas suun kautta otettava anabolinen steroidi nopeaan lihaskasvuun. Nopea ja diskreetti toimitus Suomeen.\",\"breadcrumb\":{\"@id\":\"https:\/\/www.trenbolonin-enantaatti.com\/fi\/anaboliset\/maxi-fen-10-osta\/#breadcrumb\"},\"inLanguage\":\"fi\",\"potentialAction\":[{\"@type\":\"ReadAction\",\"target\":[\"https:\/\/www.trenbolonin-enantaatti.com\/fi\/anaboliset\/maxi-fen-10-osta\/\"]}]},{\"@type\":\"ImageObject\",\"inLanguage\":\"fi\",\"@id\":\"https:\/\/www.trenbolonin-enantaatti.com\/fi\/anaboliset\/maxi-fen-10-osta\/#primaryimage\",\"url\":\"https:\/\/www.trenbolonin-enantaatti.com\/fi\/wp-content\/uploads\/2025\/07\/518.jpg\",\"contentUrl\":\"https:\/\/www.trenbolonin-enantaatti.com\/fi\/wp-content\/uploads\/2025\/07\/518.jpg\",\"width\":600,\"height\":540,\"caption\":\"Maxi-Fen-10 Steroidikuuri\"},{\"@type\":\"BreadcrumbList\",\"@id\":\"https:\/\/www.trenbolonin-enantaatti.com\/fi\/anaboliset\/maxi-fen-10-osta\/#breadcrumb\",\"itemListElement\":[{\"@type\":\"ListItem\",\"position\":1,\"name\":\"\u0413\u043b\u0430\u0432\u043d\u0430\u044f \u0441\u0442\u0440\u0430\u043d\u0438\u0446\u0430\",\"item\":\"https:\/\/www.trenbolonin-enantaatti.com\/fi\/\"},{\"@type\":\"ListItem\",\"position\":2,\"name\":\"Kauppa\",\"item\":\"https:\/\/www.trenbolonin-enantaatti.com\/fi\/myymala\/\"},{\"@type\":\"ListItem\",\"position\":3,\"name\":\"Maxi-Fen-10\"}]},{\"@type\":\"WebSite\",\"@id\":\"https:\/\/www.trenbolonin-enantaatti.com\/fi\/#website\",\"url\":\"https:\/\/www.trenbolonin-enantaatti.com\/fi\/\",\"name\":\"Suomen suosituin steroidikauppa \u2013 Nopea ja luotettava\",\"description\":\"\",\"publisher\":{\"@id\":\"https:\/\/www.trenbolonin-enantaatti.com\/fi\/#organization\"},\"potentialAction\":[{\"@type\":\"SearchAction\",\"target\":{\"@type\":\"EntryPoint\",\"urlTemplate\":\"https:\/\/www.trenbolonin-enantaatti.com\/fi\/?s={search_term_string}\"},\"query-input\":{\"@type\":\"PropertyValueSpecification\",\"valueRequired\":true,\"valueName\":\"search_term_string\"}}],\"inLanguage\":\"fi\"},{\"@type\":\"Organization\",\"@id\":\"https:\/\/www.trenbolonin-enantaatti.com\/fi\/#organization\",\"name\":\"Suomen suosituin steroidikauppa \u2013 Nopea ja luotettava\",\"url\":\"https:\/\/www.trenbolonin-enantaatti.com\/fi\/\",\"logo\":{\"@type\":\"ImageObject\",\"inLanguage\":\"fi\",\"@id\":\"https:\/\/www.trenbolonin-enantaatti.com\/fi\/#\/schema\/logo\/image\/\",\"url\":\"https:\/\/www.trenbolonin-enantaatti.com\/fi\/wp-content\/uploads\/2025\/07\/trenbolonin-enantaatti-logo-1.png\",\"contentUrl\":\"https:\/\/www.trenbolonin-enantaatti.com\/fi\/wp-content\/uploads\/2025\/07\/trenbolonin-enantaatti-logo-1.png\",\"width\":884,\"height\":256,\"caption\":\"Suomen suosituin steroidikauppa \u2013 Nopea ja luotettava\"},\"image\":{\"@id\":\"https:\/\/www.trenbolonin-enantaatti.com\/fi\/#\/schema\/logo\/image\/\"}}]}<\/script>\n<!-- \/ Yoast SEO plugin. -->","yoast_head_json":{"title":"Osta Maxi-Fen-10 - Suomen suosituin steroidikauppa \u2013 Nopea ja luotettava","description":"Osta Maxi-Fen-10 helposti verkosta. Tehokas suun kautta otettava anabolinen steroidi nopeaan lihaskasvuun. Nopea ja diskreetti toimitus Suomeen.","robots":{"index":"index","follow":"follow","max-snippet":"max-snippet:-1","max-image-preview":"max-image-preview:large","max-video-preview":"max-video-preview:-1"},"canonical":"https:\/\/www.trenbolonin-enantaatti.com\/fi\/anaboliset\/maxi-fen-10-osta\/","og_locale":"fi_FI","og_type":"article","og_title":"Osta Maxi-Fen-10 - Suomen suosituin steroidikauppa \u2013 Nopea ja luotettava","og_description":"Osta Maxi-Fen-10 helposti verkosta. Tehokas suun kautta otettava anabolinen steroidi nopeaan lihaskasvuun. Nopea ja diskreetti toimitus Suomeen.","og_url":"https:\/\/www.trenbolonin-enantaatti.com\/fi\/anaboliset\/maxi-fen-10-osta\/","og_site_name":"Suomen suosituin steroidikauppa \u2013 Nopea ja luotettava","article_modified_time":"2025-07-25T13:33:18+00:00","og_image":[{"width":600,"height":540,"url":"https:\/\/www.trenbolonin-enantaatti.com\/fi\/wp-content\/uploads\/2025\/07\/518.jpg","type":"image\/jpeg"}],"twitter_card":"summary_large_image","twitter_misc":{"Arvioitu lukuaika":"2 minuuttia"},"schema":{"@context":"https:\/\/schema.org","@graph":[{"@type":"WebPage","@id":"https:\/\/www.trenbolonin-enantaatti.com\/fi\/anaboliset\/maxi-fen-10-osta\/","url":"https:\/\/www.trenbolonin-enantaatti.com\/fi\/anaboliset\/maxi-fen-10-osta\/","name":"Osta Maxi-Fen-10 - Suomen suosituin steroidikauppa \u2013 Nopea ja luotettava","isPartOf":{"@id":"https:\/\/www.trenbolonin-enantaatti.com\/fi\/#website"},"primaryImageOfPage":{"@id":"https:\/\/www.trenbolonin-enantaatti.com\/fi\/anaboliset\/maxi-fen-10-osta\/#primaryimage"},"image":{"@id":"https:\/\/www.trenbolonin-enantaatti.com\/fi\/anaboliset\/maxi-fen-10-osta\/#primaryimage"},"thumbnailUrl":"https:\/\/www.trenbolonin-enantaatti.com\/fi\/wp-content\/uploads\/2025\/07\/518.jpg","datePublished":"2025-07-25T13:13:57+00:00","dateModified":"2025-07-25T13:33:18+00:00","description":"Osta Maxi-Fen-10 helposti verkosta. Tehokas suun kautta otettava anabolinen steroidi nopeaan lihaskasvuun. Nopea ja diskreetti toimitus Suomeen.","breadcrumb":{"@id":"https:\/\/www.trenbolonin-enantaatti.com\/fi\/anaboliset\/maxi-fen-10-osta\/#breadcrumb"},"inLanguage":"fi","potentialAction":[{"@type":"ReadAction","target":["https:\/\/www.trenbolonin-enantaatti.com\/fi\/anaboliset\/maxi-fen-10-osta\/"]}]},{"@type":"ImageObject","inLanguage":"fi","@id":"https:\/\/www.trenbolonin-enantaatti.com\/fi\/anaboliset\/maxi-fen-10-osta\/#primaryimage","url":"https:\/\/www.trenbolonin-enantaatti.com\/fi\/wp-content\/uploads\/2025\/07\/518.jpg","contentUrl":"https:\/\/www.trenbolonin-enantaatti.com\/fi\/wp-content\/uploads\/2025\/07\/518.jpg","width":600,"height":540,"caption":"Maxi-Fen-10 Steroidikuuri"},{"@type":"BreadcrumbList","@id":"https:\/\/www.trenbolonin-enantaatti.com\/fi\/anaboliset\/maxi-fen-10-osta\/#breadcrumb","itemListElement":[{"@type":"ListItem","position":1,"name":"\u0413\u043b\u0430\u0432\u043d\u0430\u044f \u0441\u0442\u0440\u0430\u043d\u0438\u0446\u0430","item":"https:\/\/www.trenbolonin-enantaatti.com\/fi\/"},{"@type":"ListItem","position":2,"name":"Kauppa","item":"https:\/\/www.trenbolonin-enantaatti.com\/fi\/myymala\/"},{"@type":"ListItem","position":3,"name":"Maxi-Fen-10"}]},{"@type":"WebSite","@id":"https:\/\/www.trenbolonin-enantaatti.com\/fi\/#website","url":"https:\/\/www.trenbolonin-enantaatti.com\/fi\/","name":"Suomen suosituin steroidikauppa \u2013 Nopea ja luotettava","description":"","publisher":{"@id":"https:\/\/www.trenbolonin-enantaatti.com\/fi\/#organization"},"potentialAction":[{"@type":"SearchAction","target":{"@type":"EntryPoint","urlTemplate":"https:\/\/www.trenbolonin-enantaatti.com\/fi\/?s={search_term_string}"},"query-input":{"@type":"PropertyValueSpecification","valueRequired":true,"valueName":"search_term_string"}}],"inLanguage":"fi"},{"@type":"Organization","@id":"https:\/\/www.trenbolonin-enantaatti.com\/fi\/#organization","name":"Suomen suosituin steroidikauppa \u2013 Nopea ja luotettava","url":"https:\/\/www.trenbolonin-enantaatti.com\/fi\/","logo":{"@type":"ImageObject","inLanguage":"fi","@id":"https:\/\/www.trenbolonin-enantaatti.com\/fi\/#\/schema\/logo\/image\/","url":"https:\/\/www.trenbolonin-enantaatti.com\/fi\/wp-content\/uploads\/2025\/07\/trenbolonin-enantaatti-logo-1.png","contentUrl":"https:\/\/www.trenbolonin-enantaatti.com\/fi\/wp-content\/uploads\/2025\/07\/trenbolonin-enantaatti-logo-1.png","width":884,"height":256,"caption":"Suomen suosituin steroidikauppa \u2013 Nopea ja luotettava"},"image":{"@id":"https:\/\/www.trenbolonin-enantaatti.com\/fi\/#\/schema\/logo\/image\/"}}]}},"_links":{"self":[{"href":"https:\/\/www.trenbolonin-enantaatti.com\/fi\/wp-json\/wp\/v2\/product\/89","targetHints":{"allow":["GET"]}}],"collection":[{"href":"https:\/\/www.trenbolonin-enantaatti.com\/fi\/wp-json\/wp\/v2\/product"}],"about":[{"href":"https:\/\/www.trenbolonin-enantaatti.com\/fi\/wp-json\/wp\/v2\/types\/product"}],"replies":[{"embeddable":true,"href":"https:\/\/www.trenbolonin-enantaatti.com\/fi\/wp-json\/wp\/v2\/comments?post=89"}],"wp:featuredmedia":[{"embeddable":true,"href":"https:\/\/www.trenbolonin-enantaatti.com\/fi\/wp-json\/wp\/v2\/media\/91"}],"wp:attachment":[{"href":"https:\/\/www.trenbolonin-enantaatti.com\/fi\/wp-json\/wp\/v2\/media?parent=89"}],"wp:term":[{"taxonomy":"product_brand","embeddable":true,"href":"https:\/\/www.trenbolonin-enantaatti.com\/fi\/wp-json\/wp\/v2\/product_brand?post=89"},{"taxonomy":"product_cat","embeddable":true,"href":"https:\/\/www.trenbolonin-enantaatti.com\/fi\/wp-json\/wp\/v2\/product_cat?post=89"},{"taxonomy":"product_tag","embeddable":true,"href":"https:\/\/www.trenbolonin-enantaatti.com\/fi\/wp-json\/wp\/v2\/product_tag?post=89"}],"curies":[{"name":"wp","href":"https:\/\/api.w.org\/{rel}","templated":true}]}}